{"id":51211,"date":"2023-11-28T14:16:00","date_gmt":"2023-11-28T14:16:00","guid":{"rendered":"https:\/\/salonselements.lv\/produkts\/cornisa-1-50-204\/"},"modified":"2025-09-01T17:12:47","modified_gmt":"2025-09-01T17:12:47","slug":"cornisa-1-50-204","status":"publish","type":"product","link":"https:\/\/salonselements.com\/es\/produkts\/cornisa-1-50-204\/","title":{"rendered":"Cornisa 1.50.204"},"content":{"rendered":"<p><span data-sheets-root=\"1\">La cornisa de poliuretano con adorno 1.50.204 es un perfil cl\u00e1sico que garantiza una transici\u00f3n fluida entre la pared y el techo. Gracias a las propiedades \u00fanicas del material, es ligero, resistente a la humedad y a la radiaci\u00f3n UV, lo que garantiza una larga vida \u00fatil y una f\u00e1cil instalaci\u00f3n.<\/span><\/p>\n","protected":false},"excerpt":{"rendered":"<p>La cornisa de poliuretano con adorno 1.50.204 es un perfil cl\u00e1sico que garantiza una transici\u00f3n fluida entre la pared y el techo. Gracias a las propiedades \u00fanicas del material, es ligero, resistente a la humedad y a la radiaci\u00f3n UV, lo que garantiza una larga vida \u00fatil y una f\u00e1cil instalaci\u00f3n.<\/p>\n","protected":false},"featured_media":51222,"template":"","meta":{"_acf_changed":false},"product_brand":[],"product_cat":[10234,10236],"product_tag":[],"class_list":{"0":"post-51211","1":"product","2":"type-product","3":"status-publish","4":"has-post-thumbnail","6":"product_cat-cornisas-de-techo","7":"product_cat-cornisas-con-adornos","8":"pa_augstums-36mm","9":"pa_garums-2000mm-es","10":"pa_materials-poliuretans-es","11":"pa_platums-40mm-es","12":"pa_razotajs-gaudi-decor","14":"first","15":"instock","16":"sale","17":"shipping-taxable","18":"purchasable","19":"product-type-simple"},"acf":[],"_links":{"self":[{"href":"https:\/\/salonselements.com\/es\/wp-json\/wp\/v2\/product\/51211","targetHints":{"allow":["GET"]}}],"collection":[{"href":"https:\/\/salonselements.com\/es\/wp-json\/wp\/v2\/product"}],"about":[{"href":"https:\/\/salonselements.com\/es\/wp-json\/wp\/v2\/types\/product"}],"wp:featuredmedia":[{"embeddable":true,"href":"https:\/\/salonselements.com\/es\/wp-json\/wp\/v2\/media\/51222"}],"wp:attachment":[{"href":"https:\/\/salonselements.com\/es\/wp-json\/wp\/v2\/media?parent=51211"}],"wp:term":[{"taxonomy":"product_brand","embeddable":true,"href":"https:\/\/salonselements.com\/es\/wp-json\/wp\/v2\/product_brand?post=51211"},{"taxonomy":"product_cat","embeddable":true,"href":"https:\/\/salonselements.com\/es\/wp-json\/wp\/v2\/product_cat?post=51211"},{"taxonomy":"product_tag","embeddable":true,"href":"https:\/\/salonselements.com\/es\/wp-json\/wp\/v2\/product_tag?post=51211"}],"curies":[{"name":"wp","href":"https:\/\/api.w.org\/{rel}","templated":true}]}}