{"id":50465,"date":"2023-11-28T14:13:45","date_gmt":"2023-11-28T14:13:45","guid":{"rendered":"https:\/\/salonselements.lv\/produkts\/cornisa-1-50-141\/"},"modified":"2025-09-01T17:15:00","modified_gmt":"2025-09-01T17:15:00","slug":"cornisa-1-50-141","status":"publish","type":"product","link":"https:\/\/salonselements.com\/es\/produkts\/cornisa-1-50-141\/","title":{"rendered":"Cornisa 1.50.141"},"content":{"rendered":"<p><span data-sheets-root=\"1\">La cornisa de poliuretano 1.50.141 es un perfil cl\u00e1sico que garantiza una transici\u00f3n fluida entre la pared y el techo. Gracias a las propiedades \u00fanicas del material, es ligero, resistente a la humedad y a la radiaci\u00f3n UV, lo que garantiza una larga vida \u00fatil y una f\u00e1cil instalaci\u00f3n.<\/span><\/p>\n","protected":false},"excerpt":{"rendered":"<p>La cornisa de poliuretano 1.50.141 es un perfil cl\u00e1sico que garantiza una transici\u00f3n fluida entre la pared y el techo. Gracias a las propiedades \u00fanicas del material, es ligero, resistente a la humedad y a la radiaci\u00f3n UV, lo que garantiza una larga vida \u00fatil y una f\u00e1cil instalaci\u00f3n.<\/p>\n","protected":false},"featured_media":50476,"template":"","meta":{"_acf_changed":false},"product_brand":[],"product_cat":[10234,10235],"product_tag":[],"class_list":{"0":"post-50465","1":"product","2":"type-product","3":"status-publish","4":"has-post-thumbnail","6":"product_cat-cornisas-de-techo","7":"product_cat-cornisas-de-perfil-liso","8":"pa_augstums-70mm-es","9":"pa_garums-2000mm-es","10":"pa_materials-poliuretans-es","11":"pa_platums-70mm-es","12":"pa_razotajs-gaudi-decor","14":"first","15":"instock","16":"sale","17":"shipping-taxable","18":"purchasable","19":"product-type-simple"},"acf":[],"_links":{"self":[{"href":"https:\/\/salonselements.com\/es\/wp-json\/wp\/v2\/product\/50465","targetHints":{"allow":["GET"]}}],"collection":[{"href":"https:\/\/salonselements.com\/es\/wp-json\/wp\/v2\/product"}],"about":[{"href":"https:\/\/salonselements.com\/es\/wp-json\/wp\/v2\/types\/product"}],"wp:featuredmedia":[{"embeddable":true,"href":"https:\/\/salonselements.com\/es\/wp-json\/wp\/v2\/media\/50476"}],"wp:attachment":[{"href":"https:\/\/salonselements.com\/es\/wp-json\/wp\/v2\/media?parent=50465"}],"wp:term":[{"taxonomy":"product_brand","embeddable":true,"href":"https:\/\/salonselements.com\/es\/wp-json\/wp\/v2\/product_brand?post=50465"},{"taxonomy":"product_cat","embeddable":true,"href":"https:\/\/salonselements.com\/es\/wp-json\/wp\/v2\/product_cat?post=50465"},{"taxonomy":"product_tag","embeddable":true,"href":"https:\/\/salonselements.com\/es\/wp-json\/wp\/v2\/product_tag?post=50465"}],"curies":[{"name":"wp","href":"https:\/\/api.w.org\/{rel}","templated":true}]}}