{"id":50320,"date":"2023-11-28T14:13:38","date_gmt":"2023-11-28T14:13:38","guid":{"rendered":"https:\/\/salonselements.lv\/produkts\/cornisa-1-50-130\/"},"modified":"2025-09-01T17:15:02","modified_gmt":"2025-09-01T17:15:02","slug":"cornisa-1-50-130","status":"publish","type":"product","link":"https:\/\/salonselements.com\/es\/produkts\/cornisa-1-50-130\/","title":{"rendered":"Cornisa 1.50.130"},"content":{"rendered":"<p><span data-sheets-root=\"1\">Una peque\u00f1a cornisa cl\u00e1sica con una curva inusual que crea una elegante transici\u00f3n entre el techo y la pared.<\/span><\/p>\n","protected":false},"excerpt":{"rendered":"<p>Una peque\u00f1a cornisa cl\u00e1sica con una curva inusual que crea una elegante transici\u00f3n entre el techo y la pared.<\/p>\n","protected":false},"featured_media":50331,"template":"","meta":{"_acf_changed":false},"product_brand":[],"product_cat":[10234,10235],"product_tag":[],"class_list":{"0":"post-50320","1":"product","2":"type-product","3":"status-publish","4":"has-post-thumbnail","6":"product_cat-cornisas-de-techo","7":"product_cat-cornisas-de-perfil-liso","8":"pa_augstums-32mm","9":"pa_garums-2000mm-es","10":"pa_materials-poliuretans-es","11":"pa_platums-30mm-es","12":"pa_razotajs-gaudi-decor","14":"first","15":"instock","16":"shipping-taxable","17":"purchasable","18":"product-type-simple"},"acf":[],"_links":{"self":[{"href":"https:\/\/salonselements.com\/es\/wp-json\/wp\/v2\/product\/50320","targetHints":{"allow":["GET"]}}],"collection":[{"href":"https:\/\/salonselements.com\/es\/wp-json\/wp\/v2\/product"}],"about":[{"href":"https:\/\/salonselements.com\/es\/wp-json\/wp\/v2\/types\/product"}],"wp:featuredmedia":[{"embeddable":true,"href":"https:\/\/salonselements.com\/es\/wp-json\/wp\/v2\/media\/50331"}],"wp:attachment":[{"href":"https:\/\/salonselements.com\/es\/wp-json\/wp\/v2\/media?parent=50320"}],"wp:term":[{"taxonomy":"product_brand","embeddable":true,"href":"https:\/\/salonselements.com\/es\/wp-json\/wp\/v2\/product_brand?post=50320"},{"taxonomy":"product_cat","embeddable":true,"href":"https:\/\/salonselements.com\/es\/wp-json\/wp\/v2\/product_cat?post=50320"},{"taxonomy":"product_tag","embeddable":true,"href":"https:\/\/salonselements.com\/es\/wp-json\/wp\/v2\/product_tag?post=50320"}],"curies":[{"name":"wp","href":"https:\/\/api.w.org\/{rel}","templated":true}]}}