{"id":49874,"date":"2023-11-28T14:01:31","date_gmt":"2023-11-28T14:01:31","guid":{"rendered":"https:\/\/salonselements.lv\/produkts\/consola-1-19-012\/"},"modified":"2025-09-01T17:30:40","modified_gmt":"2025-09-01T17:30:40","slug":"consola-1-19-012","status":"publish","type":"product","link":"https:\/\/salonselements.com\/es\/produkts\/consola-1-19-012\/","title":{"rendered":"Consola 1.19.012"},"content":{"rendered":"<p><span data-sheets-root=\"1\">Consolas de poliuretano 1.19.012. Gracias a sus propiedades \u00fanicas, este material es ligero, resistente a la humedad y a los rayos UV, lo que garantiza su durabilidad y f\u00e1cil instalaci\u00f3n.<\/span><\/p>\n","protected":false},"excerpt":{"rendered":"<p>Consolas de poliuretano 1.19.012. Gracias a sus propiedades \u00fanicas, este material es ligero, resistente a la humedad y a los rayos UV, lo que garantiza su durabilidad y f\u00e1cil instalaci\u00f3n.<\/p>\n","protected":false},"featured_media":49879,"template":"","meta":{"_acf_changed":false},"product_brand":[],"product_cat":[10238,10243],"product_tag":[],"class_list":{"0":"post-49874","1":"product","2":"type-product","3":"status-publish","4":"has-post-thumbnail","6":"product_cat-consolas","7":"product_cat-elementos-decorativos","8":"pa_augstums-142mm-es","9":"pa_dzilums-68mm-es","10":"pa_materials-poliuretans-es","11":"pa_platums-102mm-es","12":"pa_razotajs-gaudi-decor","14":"first","15":"instock","16":"shipping-taxable","17":"purchasable","18":"product-type-simple"},"acf":[],"_links":{"self":[{"href":"https:\/\/salonselements.com\/es\/wp-json\/wp\/v2\/product\/49874","targetHints":{"allow":["GET"]}}],"collection":[{"href":"https:\/\/salonselements.com\/es\/wp-json\/wp\/v2\/product"}],"about":[{"href":"https:\/\/salonselements.com\/es\/wp-json\/wp\/v2\/types\/product"}],"wp:featuredmedia":[{"embeddable":true,"href":"https:\/\/salonselements.com\/es\/wp-json\/wp\/v2\/media\/49879"}],"wp:attachment":[{"href":"https:\/\/salonselements.com\/es\/wp-json\/wp\/v2\/media?parent=49874"}],"wp:term":[{"taxonomy":"product_brand","embeddable":true,"href":"https:\/\/salonselements.com\/es\/wp-json\/wp\/v2\/product_brand?post=49874"},{"taxonomy":"product_cat","embeddable":true,"href":"https:\/\/salonselements.com\/es\/wp-json\/wp\/v2\/product_cat?post=49874"},{"taxonomy":"product_tag","embeddable":true,"href":"https:\/\/salonselements.com\/es\/wp-json\/wp\/v2\/product_tag?post=49874"}],"curies":[{"name":"wp","href":"https:\/\/api.w.org\/{rel}","templated":true}]}}