{"id":49832,"date":"2023-11-28T14:01:24","date_gmt":"2023-11-28T14:01:24","guid":{"rendered":"https:\/\/salonselements.lv\/produkts\/consola-1-19-004\/"},"modified":"2025-09-01T17:30:41","modified_gmt":"2025-09-01T17:30:41","slug":"consola-1-19-004","status":"publish","type":"product","link":"https:\/\/salonselements.com\/es\/produkts\/consola-1-19-004\/","title":{"rendered":"Consola 1.19.004"},"content":{"rendered":"<p><span data-sheets-root=\"1\">Adorno decorativo de poliuretano 1.19.004. Ideal para decorar paredes, techos y muebles. Gracias a sus propiedades \u00fanicas, es ligero, resistente a la humedad y a los rayos UV, lo que garantiza su durabilidad y f\u00e1cil instalaci\u00f3n.<\/span><\/p>\n","protected":false},"excerpt":{"rendered":"<p>Adorno decorativo de poliuretano 1.19.004. Ideal para decorar paredes, techos y muebles. Gracias a sus propiedades \u00fanicas, es ligero, resistente a la humedad y a los rayos UV, lo que garantiza su durabilidad y f\u00e1cil instalaci\u00f3n.<\/p>\n","protected":false},"featured_media":49837,"template":"","meta":{"_acf_changed":false},"product_brand":[],"product_cat":[10238,10243],"product_tag":[],"class_list":{"0":"post-49832","1":"product","2":"type-product","3":"status-publish","4":"has-post-thumbnail","6":"product_cat-consolas","7":"product_cat-elementos-decorativos","8":"pa_augstums-216mm-es","9":"pa_dzilums-74mm-es","10":"pa_materials-poliuretans-es","11":"pa_platums-87mm-es","12":"pa_razotajs-gaudi-decor","14":"first","15":"instock","16":"shipping-taxable","17":"purchasable","18":"product-type-simple"},"acf":[],"_links":{"self":[{"href":"https:\/\/salonselements.com\/es\/wp-json\/wp\/v2\/product\/49832","targetHints":{"allow":["GET"]}}],"collection":[{"href":"https:\/\/salonselements.com\/es\/wp-json\/wp\/v2\/product"}],"about":[{"href":"https:\/\/salonselements.com\/es\/wp-json\/wp\/v2\/types\/product"}],"wp:featuredmedia":[{"embeddable":true,"href":"https:\/\/salonselements.com\/es\/wp-json\/wp\/v2\/media\/49837"}],"wp:attachment":[{"href":"https:\/\/salonselements.com\/es\/wp-json\/wp\/v2\/media?parent=49832"}],"wp:term":[{"taxonomy":"product_brand","embeddable":true,"href":"https:\/\/salonselements.com\/es\/wp-json\/wp\/v2\/product_brand?post=49832"},{"taxonomy":"product_cat","embeddable":true,"href":"https:\/\/salonselements.com\/es\/wp-json\/wp\/v2\/product_cat?post=49832"},{"taxonomy":"product_tag","embeddable":true,"href":"https:\/\/salonselements.com\/es\/wp-json\/wp\/v2\/product_tag?post=49832"}],"curies":[{"name":"wp","href":"https:\/\/api.w.org\/{rel}","templated":true}]}}