{"id":49733,"date":"2023-11-28T14:01:12","date_gmt":"2023-11-28T14:01:12","guid":{"rendered":"https:\/\/salonselements.lv\/produkts\/columna-1-12-050\/"},"modified":"2025-09-01T17:30:59","modified_gmt":"2025-09-01T17:30:59","slug":"columna-1-12-050","status":"publish","type":"product","link":"https:\/\/salonselements.com\/es\/produkts\/columna-1-12-050\/","title":{"rendered":"Columna 1.12.050"},"content":{"rendered":"<p><span data-sheets-root=\"1\">Elemento de columna de poliuretano 1.12.050. Gracias a sus propiedades \u00fanicas, es ligero, resistente a la humedad y a los rayos UV, lo que garantiza una f\u00e1cil instalaci\u00f3n y una larga vida \u00fatil.<\/span><\/p>\n","protected":false},"excerpt":{"rendered":"<p>Elemento de columna de poliuretano 1.12.050. Gracias a sus propiedades \u00fanicas, es ligero, resistente a la humedad y a los rayos UV, lo que garantiza una f\u00e1cil instalaci\u00f3n y una larga vida \u00fatil.<\/p>\n","protected":false},"featured_media":49742,"template":"","meta":{"_acf_changed":false},"product_brand":[],"product_cat":[10243,10247],"product_tag":[],"class_list":{"0":"post-49733","1":"product","2":"type-product","3":"status-publish","4":"has-post-thumbnail","6":"product_cat-elementos-decorativos","7":"product_cat-columnas","8":"pa_augstums-1960mm-es","9":"pa_diametrs-204mm-es","10":"pa_materials-poliuretans-es","11":"pa_razotajs-gaudi-decor","13":"first","14":"instock","15":"shipping-taxable","16":"purchasable","17":"product-type-simple"},"acf":[],"_links":{"self":[{"href":"https:\/\/salonselements.com\/es\/wp-json\/wp\/v2\/product\/49733","targetHints":{"allow":["GET"]}}],"collection":[{"href":"https:\/\/salonselements.com\/es\/wp-json\/wp\/v2\/product"}],"about":[{"href":"https:\/\/salonselements.com\/es\/wp-json\/wp\/v2\/types\/product"}],"wp:featuredmedia":[{"embeddable":true,"href":"https:\/\/salonselements.com\/es\/wp-json\/wp\/v2\/media\/49742"}],"wp:attachment":[{"href":"https:\/\/salonselements.com\/es\/wp-json\/wp\/v2\/media?parent=49733"}],"wp:term":[{"taxonomy":"product_brand","embeddable":true,"href":"https:\/\/salonselements.com\/es\/wp-json\/wp\/v2\/product_brand?post=49733"},{"taxonomy":"product_cat","embeddable":true,"href":"https:\/\/salonselements.com\/es\/wp-json\/wp\/v2\/product_cat?post=49733"},{"taxonomy":"product_tag","embeddable":true,"href":"https:\/\/salonselements.com\/es\/wp-json\/wp\/v2\/product_tag?post=49733"}],"curies":[{"name":"wp","href":"https:\/\/api.w.org\/{rel}","templated":true}]}}